{"id":1252,"date":"2025-02-11T13:16:52","date_gmt":"2025-02-11T10:16:52","guid":{"rendered":"https:\/\/istrek.com\/rahoitus\/"},"modified":"2025-02-11T13:35:58","modified_gmt":"2025-02-11T10:35:58","slug":"rahoitus","status":"publish","type":"page","link":"https:\/\/istrek.com\/fi\/rahoitus\/","title":{"rendered":"Rahoitus"},"content":{"rendered":"\t\t<div data-elementor-type=\"wp-page\" data-elementor-id=\"1252\" class=\"elementor elementor-1252 elementor-1238\" data-elementor-post-type=\"page\">\n\t\t\t\t<div class=\"elementor-element elementor-element-50bf71fe e-flex e-con-boxed e-con e-parent\" data-id=\"50bf71fe\" data-element_type=\"container\" data-e-type=\"container\">\n\t\t\t\t\t<div class=\"e-con-inner\">\n\t\t\t\t<div class=\"elementor-element elementor-element-7eda9b72 elementor-absolute elementor-widget elementor-widget-image\" data-id=\"7eda9b72\" data-element_type=\"widget\" data-e-type=\"widget\" data-settings=\"{&quot;_position&quot;:&quot;absolute&quot;}\" data-widget_type=\"image.default\">\n\t\t\t\t<div class=\"elementor-widget-container\">\n\t\t\t\t\t\t\t\t\t\t\t\t\t\t\t<img fetchpriority=\"high\" decoding=\"async\" width=\"100\" height=\"529\" src=\"https:\/\/istrek.com\/wp-content\/uploads\/2025\/02\/decor.png\" class=\"attachment-large size-large wp-image-333\" alt=\"\" \/>\t\t\t\t\t\t\t\t\t\t\t\t\t\t\t<\/div>\n\t\t\t\t<\/div>\n\t\t<div class=\"elementor-element elementor-element-7b89a12c e-con-full e-flex e-con e-child\" data-id=\"7b89a12c\" data-element_type=\"container\" data-e-type=\"container\">\n\t\t\t\t<\/div>\n\t\t<div class=\"elementor-element elementor-element-7a53a63f e-con-full e-flex e-con e-child\" data-id=\"7a53a63f\" data-element_type=\"container\" data-e-type=\"container\" data-settings=\"{&quot;background_background&quot;:&quot;classic&quot;,&quot;position&quot;:&quot;absolute&quot;}\">\n\t\t\t\t<\/div>\n\t\t\t\t\t<\/div>\n\t\t\t\t<\/div>\n\t\t<div class=\"elementor-element elementor-element-ce2f4f8 e-flex e-con-boxed e-con e-parent\" data-id=\"ce2f4f8\" data-element_type=\"container\" data-e-type=\"container\" data-settings=\"{&quot;background_background&quot;:&quot;classic&quot;}\">\n\t\t\t\t\t<div class=\"e-con-inner\">\n\t\t\t\t<div class=\"elementor-element elementor-element-8972023 elementor-absolute elementor-widget elementor-widget-image\" data-id=\"8972023\" data-element_type=\"widget\" data-e-type=\"widget\" data-settings=\"{&quot;_position&quot;:&quot;absolute&quot;}\" data-widget_type=\"image.default\">\n\t\t\t\t<div class=\"elementor-widget-container\">\n\t\t\t\t\t\t\t\t\t\t\t\t\t\t\t<img decoding=\"async\" width=\"153\" height=\"718\" src=\"https:\/\/istrek.com\/wp-content\/uploads\/2025\/02\/decor-3.png\" class=\"attachment-large size-large wp-image-601\" alt=\"\" srcset=\"https:\/\/istrek.com\/wp-content\/uploads\/2025\/02\/decor-3.png 153w, https:\/\/istrek.com\/wp-content\/uploads\/2025\/02\/decor-3-64x300.png 64w\" sizes=\"(max-width: 153px) 100vw, 153px\" \/>\t\t\t\t\t\t\t\t\t\t\t\t\t\t\t<\/div>\n\t\t\t\t<\/div>\n\t\t<div class=\"elementor-element elementor-element-9e40eb9 e-con-full e-flex e-con e-child\" data-id=\"9e40eb9\" data-element_type=\"container\" data-e-type=\"container\">\n\t\t\t\t<div class=\"elementor-element elementor-element-7eb6cf2 elementor-widget__width-auto elementor-absolute elementor-hidden-mobile elementor-widget-divider--view-line elementor-invisible elementor-widget elementor-widget-divider\" data-id=\"7eb6cf2\" data-element_type=\"widget\" data-e-type=\"widget\" data-settings=\"{&quot;_position&quot;:&quot;absolute&quot;,&quot;_animation&quot;:&quot;fadeInDown&quot;}\" data-widget_type=\"divider.default\">\n\t\t\t\t<div class=\"elementor-widget-container\">\n\t\t\t\t\t\t\t<div class=\"elementor-divider\">\n\t\t\t<span class=\"elementor-divider-separator\">\n\t\t\t\t\t\t<\/span>\n\t\t<\/div>\n\t\t\t\t\t\t<\/div>\n\t\t\t\t<\/div>\n\t\t\t\t<div class=\"elementor-element elementor-element-db94bba elementor-widget__width-auto elementor-absolute elementor-hidden-mobile elementor-widget-divider--view-line elementor-invisible elementor-widget elementor-widget-divider\" data-id=\"db94bba\" data-element_type=\"widget\" data-e-type=\"widget\" data-settings=\"{&quot;_position&quot;:&quot;absolute&quot;,&quot;_animation&quot;:&quot;fadeInUp&quot;}\" data-widget_type=\"divider.default\">\n\t\t\t\t<div class=\"elementor-widget-container\">\n\t\t\t\t\t\t\t<div class=\"elementor-divider\">\n\t\t\t<span class=\"elementor-divider-separator\">\n\t\t\t\t\t\t<\/span>\n\t\t<\/div>\n\t\t\t\t\t\t<\/div>\n\t\t\t\t<\/div>\n\t\t<div class=\"elementor-element elementor-element-774d4ad e-con-full e-flex e-con e-child\" data-id=\"774d4ad\" data-element_type=\"container\" data-e-type=\"container\">\n\t\t<div class=\"elementor-element elementor-element-3a3bbf1 e-con-full e-flex e-con e-child\" data-id=\"3a3bbf1\" data-element_type=\"container\" data-e-type=\"container\">\n\t\t<div class=\"elementor-element elementor-element-d51ea13 e-con-full e-flex e-con e-child\" data-id=\"d51ea13\" data-element_type=\"container\" data-e-type=\"container\">\n\t\t\t\t<div class=\"elementor-element elementor-element-cab2c0c elementor-widget elementor-widget-image\" data-id=\"cab2c0c\" data-element_type=\"widget\" data-e-type=\"widget\" data-widget_type=\"image.default\">\n\t\t\t\t<div class=\"elementor-widget-container\">\n\t\t\t\t\t\t\t\t\t\t\t\t\t\t\t<img decoding=\"async\" width=\"600\" height=\"400\" src=\"https:\/\/istrek.com\/wp-content\/uploads\/2025\/02\/s600xu.webp\" class=\"attachment-large size-large wp-image-586\" alt=\"\" srcset=\"https:\/\/istrek.com\/wp-content\/uploads\/2025\/02\/s600xu.webp 600w, https:\/\/istrek.com\/wp-content\/uploads\/2025\/02\/s600xu-300x200.webp 300w\" sizes=\"(max-width: 600px) 100vw, 600px\" \/>\t\t\t\t\t\t\t\t\t\t\t\t\t\t\t<\/div>\n\t\t\t\t<\/div>\n\t\t\t\t<div class=\"elementor-element elementor-element-b98d641 elementor-widget elementor-widget-heading\" data-id=\"b98d641\" data-element_type=\"widget\" data-e-type=\"widget\" data-widget_type=\"heading.default\">\n\t\t\t\t<div class=\"elementor-widget-container\">\n\t\t\t\t\t<p class=\"elementor-heading-title elementor-size-default\"><b>Euroopan unionin rahoittama\n<\/b> Next GenerationEU<\/p>\t\t\t\t<\/div>\n\t\t\t\t<\/div>\n\t\t\t\t<\/div>\n\t\t<div class=\"elementor-element elementor-element-fffee11 e-con-full e-flex e-con e-child\" data-id=\"fffee11\" data-element_type=\"container\" data-e-type=\"container\">\n\t\t\t\t<div class=\"elementor-element elementor-element-1ff6b6b elementor-widget elementor-widget-image\" data-id=\"1ff6b6b\" data-element_type=\"widget\" data-e-type=\"widget\" data-widget_type=\"image.default\">\n\t\t\t\t<div class=\"elementor-widget-container\">\n\t\t\t\t\t\t\t\t\t\t\t\t\t\t\t<img loading=\"lazy\" decoding=\"async\" width=\"115\" height=\"73\" src=\"https:\/\/istrek.com\/wp-content\/uploads\/2025\/02\/esti.png\" class=\"attachment-large size-large wp-image-590\" alt=\"\" \/>\t\t\t\t\t\t\t\t\t\t\t\t\t\t\t<\/div>\n\t\t\t\t<\/div>\n\t\t\t\t<div class=\"elementor-element elementor-element-1000b7e elementor-widget elementor-widget-heading\" data-id=\"1000b7e\" data-element_type=\"widget\" data-e-type=\"widget\" data-widget_type=\"heading.default\">\n\t\t\t\t<div class=\"elementor-widget-container\">\n\t\t\t\t\t<p class=\"elementor-heading-title elementor-size-default\">Viro\n tulevaisuutta varten<\/p>\t\t\t\t<\/div>\n\t\t\t\t<\/div>\n\t\t\t\t<\/div>\n\t\t\t\t<\/div>\n\t\t<div class=\"elementor-element elementor-element-8d7a7e8 e-con-full e-flex e-con e-child\" data-id=\"8d7a7e8\" data-element_type=\"container\" data-e-type=\"container\">\n\t\t\t\t<div class=\"elementor-element elementor-element-be3757d elementor-widget elementor-widget-text-editor\" data-id=\"be3757d\" data-element_type=\"widget\" data-e-type=\"widget\" data-widget_type=\"text-editor.default\">\n\t\t\t\t<div class=\"elementor-widget-container\">\n\t\t\t\t\t\t\t\t\t<p>Hankkeen tavoitteena on tukea yrityksen digitalisoinnin tiekartan luomista.<\/p>\n<p>Tuloksena syntyi digitalisaation tiekartta.<\/p>\n<p>Digitalisaation tiekartta on yrityksen strateginen dokumentti, joka arvioi yrityksen digitalisaation tasoa, suunnitelmia v\u00e4ltt\u00e4m\u00e4tt\u00f6mien investointien pullonkaulojen poistamiseksi, niiden tuottoa ja vaikutusta yritt\u00e4j\u00e4n taloudelliseen tulokseen. Digitalisaation tiekartta sis\u00e4lt\u00e4\u00e4 my\u00f6s kolmivuotisen suunnitelman digitalisaation toteuttamiseksi.<\/p>\n<p>Rahoitus on 262350 euroa<\/p>\n\t\t\t\t\t\t\t\t<\/div>\n\t\t\t\t<\/div>\n\t\t\t\t<\/div>\n\t\t\t\t<\/div>\n\t\t\t\t<\/div>\n\t\t<div class=\"elementor-element elementor-element-fb05c37 e-con-full e-flex e-con e-child\" data-id=\"fb05c37\" data-element_type=\"container\" data-e-type=\"container\" data-settings=\"{&quot;background_background&quot;:&quot;classic&quot;,&quot;position&quot;:&quot;absolute&quot;}\">\n\t\t\t\t<\/div>\n\t\t\t\t\t<\/div>\n\t\t\t\t<\/div>\n\t\t\t\t<\/div>\n\t\t","protected":false},"excerpt":{"rendered":"<p>Euroopan unionin rahoittama Next GenerationEU Viro tulevaisuutta varten Hankkeen tavoitteena on tukea yrityksen digitalisoinnin tiekartan luomista. Tuloksena syntyi digitalisaation tiekartta. Digitalisaation tiekartta on yrityksen strateginen dokumentti, joka arvioi yrityksen digitalisaation tasoa, suunnitelmia v\u00e4ltt\u00e4m\u00e4tt\u00f6mien investointien pullonkaulojen poistamiseksi, niiden tuottoa ja vaikutusta yritt\u00e4j\u00e4n taloudelliseen tulokseen. Digitalisaation tiekartta sis\u00e4lt\u00e4\u00e4 my\u00f6s kolmivuotisen suunnitelman digitalisaation toteuttamiseksi. Rahoitus on 262350 euroa<\/p>\n","protected":false},"author":1,"featured_media":0,"parent":0,"menu_order":0,"comment_status":"closed","ping_status":"closed","template":"","meta":{"footnotes":""},"class_list":["post-1252","page","type-page","status-publish","hentry"],"yoast_head":"<!-- This site is optimized with the Yoast SEO plugin v27.3 - https:\/\/yoast.com\/product\/yoast-seo-wordpress\/ -->\n<title>Rahoitus - Istrek<\/title>\n<meta name=\"robots\" content=\"index, follow, max-snippet:-1, max-image-preview:large, max-video-preview:-1\" \/>\n<link rel=\"canonical\" href=\"https:\/\/istrek.com\/fi\/rahoitus\/\" \/>\n<meta property=\"og:locale\" content=\"fi_FI\" \/>\n<meta property=\"og:type\" content=\"article\" \/>\n<meta property=\"og:title\" content=\"Rahoitus - Istrek\" \/>\n<meta property=\"og:description\" content=\"Euroopan unionin rahoittama Next GenerationEU Viro tulevaisuutta varten Hankkeen tavoitteena on tukea yrityksen digitalisoinnin tiekartan luomista. Tuloksena syntyi digitalisaation tiekartta. Digitalisaation tiekartta on yrityksen strateginen dokumentti, joka arvioi yrityksen digitalisaation tasoa, suunnitelmia v\u00e4ltt\u00e4m\u00e4tt\u00f6mien investointien pullonkaulojen poistamiseksi, niiden tuottoa ja vaikutusta yritt\u00e4j\u00e4n taloudelliseen tulokseen. Digitalisaation tiekartta sis\u00e4lt\u00e4\u00e4 my\u00f6s kolmivuotisen suunnitelman digitalisaation toteuttamiseksi. Rahoitus on 262350 euroa\" \/>\n<meta property=\"og:url\" content=\"https:\/\/istrek.com\/fi\/rahoitus\/\" \/>\n<meta property=\"og:site_name\" content=\"Istrek\" \/>\n<meta property=\"article:modified_time\" content=\"2025-02-11T10:35:58+00:00\" \/>\n<meta property=\"og:image\" content=\"https:\/\/istrek.com\/wp-content\/uploads\/2025\/02\/decor.png\" \/>\n\t<meta property=\"og:image:width\" content=\"100\" \/>\n\t<meta property=\"og:image:height\" content=\"529\" \/>\n\t<meta property=\"og:image:type\" content=\"image\/png\" \/>\n<meta name=\"twitter:card\" content=\"summary_large_image\" \/>\n<script type=\"application\/ld+json\" class=\"yoast-schema-graph\">{\"@context\":\"https:\\\/\\\/schema.org\",\"@graph\":[{\"@type\":\"WebPage\",\"@id\":\"https:\\\/\\\/istrek.com\\\/fi\\\/rahoitus\\\/\",\"url\":\"https:\\\/\\\/istrek.com\\\/fi\\\/rahoitus\\\/\",\"name\":\"Rahoitus - Istrek\",\"isPartOf\":{\"@id\":\"https:\\\/\\\/istrek.com\\\/fi\\\/#website\"},\"primaryImageOfPage\":{\"@id\":\"https:\\\/\\\/istrek.com\\\/fi\\\/rahoitus\\\/#primaryimage\"},\"image\":{\"@id\":\"https:\\\/\\\/istrek.com\\\/fi\\\/rahoitus\\\/#primaryimage\"},\"thumbnailUrl\":\"https:\\\/\\\/istrek.com\\\/wp-content\\\/uploads\\\/2025\\\/02\\\/decor.png\",\"datePublished\":\"2025-02-11T10:16:52+00:00\",\"dateModified\":\"2025-02-11T10:35:58+00:00\",\"breadcrumb\":{\"@id\":\"https:\\\/\\\/istrek.com\\\/fi\\\/rahoitus\\\/#breadcrumb\"},\"inLanguage\":\"fi\",\"potentialAction\":[{\"@type\":\"ReadAction\",\"target\":[\"https:\\\/\\\/istrek.com\\\/fi\\\/rahoitus\\\/\"]}]},{\"@type\":\"ImageObject\",\"inLanguage\":\"fi\",\"@id\":\"https:\\\/\\\/istrek.com\\\/fi\\\/rahoitus\\\/#primaryimage\",\"url\":\"https:\\\/\\\/istrek.com\\\/wp-content\\\/uploads\\\/2025\\\/02\\\/decor.png\",\"contentUrl\":\"https:\\\/\\\/istrek.com\\\/wp-content\\\/uploads\\\/2025\\\/02\\\/decor.png\"},{\"@type\":\"BreadcrumbList\",\"@id\":\"https:\\\/\\\/istrek.com\\\/fi\\\/rahoitus\\\/#breadcrumb\",\"itemListElement\":[{\"@type\":\"ListItem\",\"position\":1,\"name\":\"\u0413\u043b\u0430\u0432\u043d\u0430\u044f \u0441\u0442\u0440\u0430\u043d\u0438\u0446\u0430\",\"item\":\"https:\\\/\\\/istrek.com\\\/fi\\\/kotisivu\\\/\"},{\"@type\":\"ListItem\",\"position\":2,\"name\":\"Rahoitus\"}]},{\"@type\":\"WebSite\",\"@id\":\"https:\\\/\\\/istrek.com\\\/fi\\\/#website\",\"url\":\"https:\\\/\\\/istrek.com\\\/fi\\\/\",\"name\":\"Istrek\",\"description\":\"\",\"publisher\":{\"@id\":\"https:\\\/\\\/istrek.com\\\/fi\\\/#organization\"},\"potentialAction\":[{\"@type\":\"SearchAction\",\"target\":{\"@type\":\"EntryPoint\",\"urlTemplate\":\"https:\\\/\\\/istrek.com\\\/fi\\\/?s={search_term_string}\"},\"query-input\":{\"@type\":\"PropertyValueSpecification\",\"valueRequired\":true,\"valueName\":\"search_term_string\"}}],\"inLanguage\":\"fi\"},{\"@type\":\"Organization\",\"@id\":\"https:\\\/\\\/istrek.com\\\/fi\\\/#organization\",\"name\":\"Istrek\",\"url\":\"https:\\\/\\\/istrek.com\\\/fi\\\/\",\"logo\":{\"@type\":\"ImageObject\",\"inLanguage\":\"fi\",\"@id\":\"https:\\\/\\\/istrek.com\\\/fi\\\/#\\\/schema\\\/logo\\\/image\\\/\",\"url\":\"https:\\\/\\\/istrek.com\\\/wp-content\\\/uploads\\\/2025\\\/02\\\/logo.svg\",\"contentUrl\":\"https:\\\/\\\/istrek.com\\\/wp-content\\\/uploads\\\/2025\\\/02\\\/logo.svg\",\"width\":129,\"height\":44,\"caption\":\"Istrek\"},\"image\":{\"@id\":\"https:\\\/\\\/istrek.com\\\/fi\\\/#\\\/schema\\\/logo\\\/image\\\/\"}}]}<\/script>\n<!-- \/ Yoast SEO plugin. -->","yoast_head_json":{"title":"Rahoitus - Istrek","robots":{"index":"index","follow":"follow","max-snippet":"max-snippet:-1","max-image-preview":"max-image-preview:large","max-video-preview":"max-video-preview:-1"},"canonical":"https:\/\/istrek.com\/fi\/rahoitus\/","og_locale":"fi_FI","og_type":"article","og_title":"Rahoitus - Istrek","og_description":"Euroopan unionin rahoittama Next GenerationEU Viro tulevaisuutta varten Hankkeen tavoitteena on tukea yrityksen digitalisoinnin tiekartan luomista. Tuloksena syntyi digitalisaation tiekartta. Digitalisaation tiekartta on yrityksen strateginen dokumentti, joka arvioi yrityksen digitalisaation tasoa, suunnitelmia v\u00e4ltt\u00e4m\u00e4tt\u00f6mien investointien pullonkaulojen poistamiseksi, niiden tuottoa ja vaikutusta yritt\u00e4j\u00e4n taloudelliseen tulokseen. Digitalisaation tiekartta sis\u00e4lt\u00e4\u00e4 my\u00f6s kolmivuotisen suunnitelman digitalisaation toteuttamiseksi. Rahoitus on 262350 euroa","og_url":"https:\/\/istrek.com\/fi\/rahoitus\/","og_site_name":"Istrek","article_modified_time":"2025-02-11T10:35:58+00:00","og_image":[{"width":100,"height":529,"url":"https:\/\/istrek.com\/wp-content\/uploads\/2025\/02\/decor.png","type":"image\/png"}],"twitter_card":"summary_large_image","schema":{"@context":"https:\/\/schema.org","@graph":[{"@type":"WebPage","@id":"https:\/\/istrek.com\/fi\/rahoitus\/","url":"https:\/\/istrek.com\/fi\/rahoitus\/","name":"Rahoitus - Istrek","isPartOf":{"@id":"https:\/\/istrek.com\/fi\/#website"},"primaryImageOfPage":{"@id":"https:\/\/istrek.com\/fi\/rahoitus\/#primaryimage"},"image":{"@id":"https:\/\/istrek.com\/fi\/rahoitus\/#primaryimage"},"thumbnailUrl":"https:\/\/istrek.com\/wp-content\/uploads\/2025\/02\/decor.png","datePublished":"2025-02-11T10:16:52+00:00","dateModified":"2025-02-11T10:35:58+00:00","breadcrumb":{"@id":"https:\/\/istrek.com\/fi\/rahoitus\/#breadcrumb"},"inLanguage":"fi","potentialAction":[{"@type":"ReadAction","target":["https:\/\/istrek.com\/fi\/rahoitus\/"]}]},{"@type":"ImageObject","inLanguage":"fi","@id":"https:\/\/istrek.com\/fi\/rahoitus\/#primaryimage","url":"https:\/\/istrek.com\/wp-content\/uploads\/2025\/02\/decor.png","contentUrl":"https:\/\/istrek.com\/wp-content\/uploads\/2025\/02\/decor.png"},{"@type":"BreadcrumbList","@id":"https:\/\/istrek.com\/fi\/rahoitus\/#breadcrumb","itemListElement":[{"@type":"ListItem","position":1,"name":"\u0413\u043b\u0430\u0432\u043d\u0430\u044f \u0441\u0442\u0440\u0430\u043d\u0438\u0446\u0430","item":"https:\/\/istrek.com\/fi\/kotisivu\/"},{"@type":"ListItem","position":2,"name":"Rahoitus"}]},{"@type":"WebSite","@id":"https:\/\/istrek.com\/fi\/#website","url":"https:\/\/istrek.com\/fi\/","name":"Istrek","description":"","publisher":{"@id":"https:\/\/istrek.com\/fi\/#organization"},"potentialAction":[{"@type":"SearchAction","target":{"@type":"EntryPoint","urlTemplate":"https:\/\/istrek.com\/fi\/?s={search_term_string}"},"query-input":{"@type":"PropertyValueSpecification","valueRequired":true,"valueName":"search_term_string"}}],"inLanguage":"fi"},{"@type":"Organization","@id":"https:\/\/istrek.com\/fi\/#organization","name":"Istrek","url":"https:\/\/istrek.com\/fi\/","logo":{"@type":"ImageObject","inLanguage":"fi","@id":"https:\/\/istrek.com\/fi\/#\/schema\/logo\/image\/","url":"https:\/\/istrek.com\/wp-content\/uploads\/2025\/02\/logo.svg","contentUrl":"https:\/\/istrek.com\/wp-content\/uploads\/2025\/02\/logo.svg","width":129,"height":44,"caption":"Istrek"},"image":{"@id":"https:\/\/istrek.com\/fi\/#\/schema\/logo\/image\/"}}]}},"_links":{"self":[{"href":"https:\/\/istrek.com\/fi\/wp-json\/wp\/v2\/pages\/1252","targetHints":{"allow":["GET"]}}],"collection":[{"href":"https:\/\/istrek.com\/fi\/wp-json\/wp\/v2\/pages"}],"about":[{"href":"https:\/\/istrek.com\/fi\/wp-json\/wp\/v2\/types\/page"}],"author":[{"embeddable":true,"href":"https:\/\/istrek.com\/fi\/wp-json\/wp\/v2\/users\/1"}],"replies":[{"embeddable":true,"href":"https:\/\/istrek.com\/fi\/wp-json\/wp\/v2\/comments?post=1252"}],"version-history":[{"count":1,"href":"https:\/\/istrek.com\/fi\/wp-json\/wp\/v2\/pages\/1252\/revisions"}],"predecessor-version":[{"id":1253,"href":"https:\/\/istrek.com\/fi\/wp-json\/wp\/v2\/pages\/1252\/revisions\/1253"}],"wp:attachment":[{"href":"https:\/\/istrek.com\/fi\/wp-json\/wp\/v2\/media?parent=1252"}],"curies":[{"name":"wp","href":"https:\/\/api.w.org\/{rel}","templated":true}]}}