{"id":1188,"date":"2025-02-06T01:56:01","date_gmt":"2025-02-05T22:56:01","guid":{"rendered":"https:\/\/istrek.com\/ota-yhteytta\/"},"modified":"2026-01-09T10:55:16","modified_gmt":"2026-01-09T07:55:16","slug":"ota-yhteytta","status":"publish","type":"page","link":"https:\/\/istrek.com\/fi\/ota-yhteytta\/","title":{"rendered":"Ota yhteytt\u00e4"},"content":{"rendered":"\t\t<div data-elementor-type=\"wp-page\" data-elementor-id=\"1188\" class=\"elementor elementor-1188 elementor-82\" data-elementor-post-type=\"page\">\n\t\t\t\t<div class=\"elementor-element elementor-element-2c179d2e e-flex e-con-boxed e-con e-parent\" data-id=\"2c179d2e\" data-element_type=\"container\" data-e-type=\"container\">\n\t\t\t\t\t<div class=\"e-con-inner\">\n\t\t\t\t<div class=\"elementor-element elementor-element-75ade339 elementor-absolute elementor-widget elementor-widget-image\" data-id=\"75ade339\" data-element_type=\"widget\" data-e-type=\"widget\" data-settings=\"{&quot;_position&quot;:&quot;absolute&quot;}\" data-widget_type=\"image.default\">\n\t\t\t\t<div class=\"elementor-widget-container\">\n\t\t\t\t\t\t\t\t\t\t\t\t\t\t\t<img fetchpriority=\"high\" decoding=\"async\" width=\"100\" height=\"529\" src=\"https:\/\/istrek.com\/wp-content\/uploads\/2025\/02\/decor.png\" class=\"attachment-large size-large wp-image-333\" alt=\"\" \/>\t\t\t\t\t\t\t\t\t\t\t\t\t\t\t<\/div>\n\t\t\t\t<\/div>\n\t\t<div class=\"elementor-element elementor-element-3601f804 e-con-full e-flex e-con e-child\" data-id=\"3601f804\" data-element_type=\"container\" data-e-type=\"container\">\n\t\t<div class=\"elementor-element elementor-element-51db702c e-con-full e-flex e-con e-child\" data-id=\"51db702c\" data-element_type=\"container\" data-e-type=\"container\">\n\t\t\t\t<div class=\"elementor-element elementor-element-6f4d028d elementor-widget elementor-widget-text-editor\" data-id=\"6f4d028d\" data-element_type=\"widget\" data-e-type=\"widget\" data-widget_type=\"text-editor.default\">\n\t\t\t\t<div class=\"elementor-widget-container\">\n\t\t\t\t\t\t\t\t\t<p>Yrityksemme vuokraa tuotantotiloja, joiden kokonaispinta-ala on noin 2000 m2. Tilamme sijaitsevat entisen Dvigatel-tehtaan alueella \u00dclemisten korttelissa.<br \/>Parkkialueet sijaitsevat tuotantotilojen v\u00e4litt\u00f6m\u00e4ss\u00e4 l\u00e4heisyydess\u00e4.<br \/>Tilat ovat l\u00e4mmitettyj\u00e4 my\u00f6s talvikaudella. <\/p>\n\t\t\t\t\t\t\t\t<\/div>\n\t\t\t\t<\/div>\n\t\t\t\t<\/div>\n\t\t\t\t<\/div>\n\t\t<div class=\"elementor-element elementor-element-11f447d3 e-con-full e-flex e-con e-child\" data-id=\"11f447d3\" data-element_type=\"container\" data-e-type=\"container\" data-settings=\"{&quot;background_background&quot;:&quot;classic&quot;,&quot;position&quot;:&quot;absolute&quot;}\">\n\t\t\t\t<\/div>\n\t\t\t\t\t<\/div>\n\t\t\t\t<\/div>\n\t\t<div class=\"elementor-element elementor-element-650c120 e-flex e-con-boxed e-con e-parent\" data-id=\"650c120\" data-element_type=\"container\" data-e-type=\"container\" data-settings=\"{&quot;background_background&quot;:&quot;classic&quot;}\">\n\t\t\t\t\t<div class=\"e-con-inner\">\n\t\t<div class=\"elementor-element elementor-element-e935970 e-con-full e-flex e-con e-child\" data-id=\"e935970\" data-element_type=\"container\" data-e-type=\"container\">\n\t\t<div class=\"elementor-element elementor-element-e7b9042 e-con-full e-flex e-con e-child\" data-id=\"e7b9042\" data-element_type=\"container\" data-e-type=\"container\">\n\t\t\t\t<div class=\"elementor-element elementor-element-0c8daac elementor-widget elementor-widget-heading\" data-id=\"0c8daac\" data-element_type=\"widget\" data-e-type=\"widget\" data-widget_type=\"heading.default\">\n\t\t\t\t<div class=\"elementor-widget-container\">\n\t\t\t\t\t<p class=\"elementor-heading-title elementor-size-default\">O\u00dc Istrek<\/p>\t\t\t\t<\/div>\n\t\t\t\t<\/div>\n\t\t\t\t<div class=\"elementor-element elementor-element-354ff0f elementor-widget elementor-widget-heading\" data-id=\"354ff0f\" data-element_type=\"widget\" data-e-type=\"widget\" data-widget_type=\"heading.default\">\n\t\t\t\t<div class=\"elementor-widget-container\">\n\t\t\t\t\t<p class=\"elementor-heading-title elementor-size-default\">Andrei Zaitsev<\/p>\t\t\t\t<\/div>\n\t\t\t\t<\/div>\n\t\t\t\t<\/div>\n\t\t<div class=\"elementor-element elementor-element-8b76ec9 e-con-full e-flex e-con e-child\" data-id=\"8b76ec9\" data-element_type=\"container\" data-e-type=\"container\">\n\t\t\t\t<div class=\"elementor-element elementor-element-a28ec15 elementor-widget elementor-widget-heading\" data-id=\"a28ec15\" data-element_type=\"widget\" data-e-type=\"widget\" data-widget_type=\"heading.default\">\n\t\t\t\t<div class=\"elementor-widget-container\">\n\t\t\t\t\t<p class=\"elementor-heading-title elementor-size-default\">Osoite<\/p>\t\t\t\t<\/div>\n\t\t\t\t<\/div>\n\t\t\t\t<div class=\"elementor-element elementor-element-81b7156 elementor-widget elementor-widget-heading\" data-id=\"81b7156\" data-element_type=\"widget\" data-e-type=\"widget\" data-widget_type=\"heading.default\">\n\t\t\t\t<div class=\"elementor-widget-container\">\n\t\t\t\t\t<p class=\"elementor-heading-title elementor-size-default\">V\u00e4ike-S\u00f5jam\u00e4e 3e, Tallinna 11415<\/p>\t\t\t\t<\/div>\n\t\t\t\t<\/div>\n\t\t\t\t<\/div>\n\t\t<div class=\"elementor-element elementor-element-b1afde1 e-con-full e-flex e-con e-child\" data-id=\"b1afde1\" data-element_type=\"container\" data-e-type=\"container\">\n\t\t\t\t<div class=\"elementor-element elementor-element-536871a elementor-widget elementor-widget-heading\" data-id=\"536871a\" data-element_type=\"widget\" data-e-type=\"widget\" data-widget_type=\"heading.default\">\n\t\t\t\t<div class=\"elementor-widget-container\">\n\t\t\t\t\t<p class=\"elementor-heading-title elementor-size-default\">Puhelin<\/p>\t\t\t\t<\/div>\n\t\t\t\t<\/div>\n\t\t\t\t<div class=\"elementor-element elementor-element-3cb6e5b elementor-widget elementor-widget-heading\" data-id=\"3cb6e5b\" data-element_type=\"widget\" data-e-type=\"widget\" data-widget_type=\"heading.default\">\n\t\t\t\t<div class=\"elementor-widget-container\">\n\t\t\t\t\t<p class=\"elementor-heading-title elementor-size-default\"><a href=\"tel:+3726101117\">+372 5580494<\/a><\/p>\t\t\t\t<\/div>\n\t\t\t\t<\/div>\n\t\t\t\t<\/div>\n\t\t<div class=\"elementor-element elementor-element-6f6d5c4 e-con-full e-flex e-con e-child\" data-id=\"6f6d5c4\" data-element_type=\"container\" data-e-type=\"container\">\n\t\t\t\t<div class=\"elementor-element elementor-element-d1451ce elementor-widget elementor-widget-heading\" data-id=\"d1451ce\" data-element_type=\"widget\" data-e-type=\"widget\" data-widget_type=\"heading.default\">\n\t\t\t\t<div class=\"elementor-widget-container\">\n\t\t\t\t\t<p class=\"elementor-heading-title elementor-size-default\">S\u00e4hk\u00f6postiosoite<\/p>\t\t\t\t<\/div>\n\t\t\t\t<\/div>\n\t\t\t\t<div class=\"elementor-element elementor-element-8dcfe86 elementor-widget elementor-widget-heading\" data-id=\"8dcfe86\" data-element_type=\"widget\" data-e-type=\"widget\" data-widget_type=\"heading.default\">\n\t\t\t\t<div class=\"elementor-widget-container\">\n\t\t\t\t\t<p class=\"elementor-heading-title elementor-size-default\"><a href=\"mailto:info@istrek.com\">info@istrek.com<\/a><\/p>\t\t\t\t<\/div>\n\t\t\t\t<\/div>\n\t\t\t\t<\/div>\n\t\t\t\t<\/div>\n\t\t<div class=\"elementor-element elementor-element-fa5ffce e-con-full e-flex e-con e-child\" data-id=\"fa5ffce\" data-element_type=\"container\" data-e-type=\"container\">\n\t\t\t\t<div class=\"elementor-element elementor-element-34d9473 elementor-widget elementor-widget-google_maps\" data-id=\"34d9473\" data-element_type=\"widget\" data-e-type=\"widget\" data-widget_type=\"google_maps.default\">\n\t\t\t\t<div class=\"elementor-widget-container\">\n\t\t\t\t\t\t\t<div class=\"elementor-custom-embed\">\n\t\t\t<iframe loading=\"lazy\"\n\t\t\t\t\tsrc=\"https:\/\/maps.google.com\/maps?q=V%C3%A4ike-S%C3%B5jam%C3%A4e%203e%2C%20Tallinn%2011415&#038;t=m&#038;z=16&#038;output=embed&#038;iwloc=near\"\n\t\t\t\t\ttitle=\"V\u00e4ike-S\u00f5jam\u00e4e 3e, Tallinn 11415\"\n\t\t\t\t\taria-label=\"V\u00e4ike-S\u00f5jam\u00e4e 3e, Tallinn 11415\"\n\t\t\t><\/iframe>\n\t\t<\/div>\n\t\t\t\t\t\t<\/div>\n\t\t\t\t<\/div>\n\t\t\t\t<\/div>\n\t\t<div class=\"elementor-element elementor-element-92fff30 e-con-full e-flex e-con e-child\" data-id=\"92fff30\" data-element_type=\"container\" data-e-type=\"container\">\n\t\t\t\t<div class=\"elementor-element elementor-element-510902c elementor-widget elementor-widget-heading\" data-id=\"510902c\" data-element_type=\"widget\" data-e-type=\"widget\" data-widget_type=\"heading.default\">\n\t\t\t\t<div class=\"elementor-widget-container\">\n\t\t\t\t\t<p class=\"elementor-heading-title elementor-size-default\">Oletko valmis aloittamaan yhteisty\u00f6n?<\/p>\t\t\t\t<\/div>\n\t\t\t\t<\/div>\n\t\t\t\t<div class=\"elementor-element elementor-element-85879a1 elementor-widget elementor-widget-heading\" data-id=\"85879a1\" data-element_type=\"widget\" data-e-type=\"widget\" data-widget_type=\"heading.default\">\n\t\t\t\t<div class=\"elementor-widget-container\">\n\t\t\t\t\t<p class=\"elementor-heading-title elementor-size-default\">L\u00e4het\u00e4 pyynt\u00f6 keskustella projektistasi, niin otamme sinuun pian yhteytt\u00e4.<\/p>\t\t\t\t<\/div>\n\t\t\t\t<\/div>\n\t\t\t\t<div class=\"elementor-element elementor-element-a653732 elementor-button-align-start elementor-widget elementor-widget-form\" data-id=\"a653732\" data-element_type=\"widget\" data-e-type=\"widget\" data-settings=\"{&quot;step_next_label&quot;:&quot;Seuraava&quot;,&quot;step_previous_label&quot;:&quot;Edellinen&quot;,&quot;button_width&quot;:&quot;100&quot;,&quot;step_type&quot;:&quot;number_text&quot;,&quot;step_icon_shape&quot;:&quot;circle&quot;}\" data-widget_type=\"form.default\">\n\t\t\t\t<div class=\"elementor-widget-container\">\n\t\t\t\t\t\t\t<form class=\"elementor-form\" method=\"post\" name=\"Uusi lomake\" aria-label=\"Uusi lomake\" novalidate=\"\">\n\t\t\t<input type=\"hidden\" name=\"post_id\" value=\"1188\"\/>\n\t\t\t<input type=\"hidden\" name=\"form_id\" value=\"a653732\"\/>\n\t\t\t<input type=\"hidden\" name=\"referer_title\" value=\"Istrek\" \/>\n\n\t\t\t\n\t\t\t<div class=\"elementor-form-fields-wrapper elementor-labels-\">\n\t\t\t\t\t\t\t\t<div class=\"elementor-field-type-text elementor-field-group elementor-column elementor-field-group-name elementor-col-100 elementor-field-required\">\n\t\t\t\t\t\t\t\t\t\t\t\t<label for=\"form-field-name\" class=\"elementor-field-label elementor-screen-only\">\n\t\t\t\t\t\t\t\tNimi\t\t\t\t\t\t\t<\/label>\n\t\t\t\t\t\t\t\t\t\t\t\t\t\t<input size=\"1\" type=\"text\" name=\"form_fields[name]\" id=\"form-field-name\" class=\"elementor-field elementor-size-sm  elementor-field-textual\" placeholder=\"Nimi\" required=\"required\">\n\t\t\t\t\t\t\t\t\t\t\t<\/div>\n\t\t\t\t\t\t\t\t<div class=\"elementor-field-type-tel elementor-field-group elementor-column elementor-field-group-tel elementor-col-100 elementor-field-required\">\n\t\t\t\t\t\t\t\t\t\t\t\t<label for=\"form-field-tel\" class=\"elementor-field-label elementor-screen-only\">\n\t\t\t\t\t\t\t\tTel\t\t\t\t\t\t\t<\/label>\n\t\t\t\t\t\t<span class=\"ccfef-editor-intl-input\" data-id=\"form-field-tel\" data-field-id=\"9842f78\" data-default-country=\"ee\" data-include-countries=\"\" data-exclude-countries=\"\" data-dial-code-visibility=\"show\" data-strict-mode=\"no\" style=\"display: none;\"><\/span>\t\t<input size=\"1\" type=\"tel\" name=\"form_fields[tel]\" id=\"form-field-tel\" class=\"elementor-field elementor-size-sm  elementor-field-textual\" placeholder=\"+ ********\" required=\"required\" pattern=\"[0-9()#&amp;+*-=.]+\" title=\"Only numbers and phone characters (#, -, *, etc) are accepted.\">\n\n\t\t\t\t\t\t<\/div>\n\t\t\t\t\t\t\t\t<div class=\"elementor-field-type-textarea elementor-field-group elementor-column elementor-field-group-message elementor-col-100\">\n\t\t\t\t\t\t\t\t\t\t\t\t<label for=\"form-field-message\" class=\"elementor-field-label elementor-screen-only\">\n\t\t\t\t\t\t\t\tViesti\t\t\t\t\t\t\t<\/label>\n\t\t\t\t\t\t<textarea class=\"elementor-field-textual elementor-field  elementor-size-sm\" name=\"form_fields[message]\" id=\"form-field-message\" rows=\"2\" placeholder=\"Viesti\"><\/textarea>\t\t\t\t<\/div>\n\t\t\t\t\t\t\t\t<div class=\"elementor-field-type-recaptcha_v3 elementor-field-group elementor-column elementor-field-group-field_498ad85 elementor-col-100 recaptcha_v3-bottomright\">\n\t\t\t\t\t<div class=\"elementor-field\" id=\"form-field-field_498ad85\"><div class=\"elementor-g-recaptcha\" data-sitekey=\"6LesMKsrAAAAAOOF_ybE4dj1ZXcawhUVfVXGTFo1\" data-type=\"v3\" data-action=\"Form\" data-badge=\"bottomright\" data-size=\"invisible\"><\/div><\/div>\t\t\t\t<\/div>\n\t\t\t\t\t\t\t\t<div class=\"elementor-field-group elementor-column elementor-field-type-submit elementor-col-100 e-form__buttons\">\n\t\t\t\t\t<button class=\"elementor-button elementor-size-sm\" type=\"submit\">\n\t\t\t\t\t\t<span class=\"elementor-button-content-wrapper\">\n\t\t\t\t\t\t\t\t\t\t\t\t\t\t\t\t\t\t\t\t\t\t<span class=\"elementor-button-text\">L\u00e4het\u00e4<\/span>\n\t\t\t\t\t\t\t\t\t\t\t\t\t<\/span>\n\t\t\t\t\t<\/button>\n\t\t\t\t<\/div>\n\t\t\t<\/div>\n\t\t<\/form>\n\t\t\t\t\t\t<\/div>\n\t\t\t\t<\/div>\n\t\t\t\t<div class=\"elementor-element elementor-element-6077c4c elementor-widget elementor-widget-text-editor\" data-id=\"6077c4c\" data-element_type=\"widget\" data-e-type=\"widget\" data-widget_type=\"text-editor.default\">\n\t\t\t\t<div class=\"elementor-widget-container\">\n\t\t\t\t\t\t\t\t\t<p>Klikkaamalla &#8221;L\u00e4het\u00e4&#8221;-painiketta hyv\u00e4ksyt <a href=\"https:\/\/istrek.com\/fi\/tietosuojakaytanto\/\" target=\"_blank\" rel=\"noopener\">tietosuojak\u00e4yt\u00e4nn\u00f6n.<\/a><\/p>\n\t\t\t\t\t\t\t\t<\/div>\n\t\t\t\t<\/div>\n\t\t\t\t<\/div>\n\t\t\t\t\t<\/div>\n\t\t\t\t<\/div>\n\t\t\t\t<\/div>\n\t\t","protected":false},"excerpt":{"rendered":"<p>Yrityksemme vuokraa tuotantotiloja, joiden kokonaispinta-ala on noin 2000 m2. Tilamme sijaitsevat entisen Dvigatel-tehtaan alueella \u00dclemisten korttelissa.Parkkialueet sijaitsevat tuotantotilojen v\u00e4litt\u00f6m\u00e4ss\u00e4 l\u00e4heisyydess\u00e4.Tilat ovat l\u00e4mmitettyj\u00e4 my\u00f6s talvikaudella. O\u00dc Istrek Andrei Zaitsev Osoite V\u00e4ike-S\u00f5jam\u00e4e 3e, Tallinna 11415 Puhelin +372 5580494 S\u00e4hk\u00f6postiosoite info@istrek.com Oletko valmis aloittamaan yhteisty\u00f6n? L\u00e4het\u00e4 pyynt\u00f6 keskustella projektistasi, niin otamme sinuun pian yhteytt\u00e4. Klikkaamalla &#8221;L\u00e4het\u00e4&#8221;-painiketta hyv\u00e4ksyt tietosuojak\u00e4yt\u00e4nn\u00f6n.<\/p>\n","protected":false},"author":1,"featured_media":0,"parent":0,"menu_order":0,"comment_status":"closed","ping_status":"closed","template":"","meta":{"footnotes":""},"class_list":["post-1188","page","type-page","status-publish","hentry"],"yoast_head":"<!-- This site is optimized with the Yoast SEO plugin v27.3 - https:\/\/yoast.com\/product\/yoast-seo-wordpress\/ -->\n<title>Ota yhteytt\u00e4 - Istrek<\/title>\n<meta name=\"robots\" content=\"index, follow, max-snippet:-1, max-image-preview:large, max-video-preview:-1\" \/>\n<link rel=\"canonical\" href=\"https:\/\/istrek.com\/fi\/ota-yhteytta\/\" \/>\n<meta property=\"og:locale\" content=\"fi_FI\" \/>\n<meta property=\"og:type\" content=\"article\" \/>\n<meta property=\"og:title\" content=\"Ota yhteytt\u00e4 - Istrek\" \/>\n<meta property=\"og:description\" content=\"Yrityksemme vuokraa tuotantotiloja, joiden kokonaispinta-ala on noin 2000 m2. Tilamme sijaitsevat entisen Dvigatel-tehtaan alueella \u00dclemisten korttelissa.Parkkialueet sijaitsevat tuotantotilojen v\u00e4litt\u00f6m\u00e4ss\u00e4 l\u00e4heisyydess\u00e4.Tilat ovat l\u00e4mmitettyj\u00e4 my\u00f6s talvikaudella. O\u00dc Istrek Andrei Zaitsev Osoite V\u00e4ike-S\u00f5jam\u00e4e 3e, Tallinna 11415 Puhelin +372 5580494 S\u00e4hk\u00f6postiosoite info@istrek.com Oletko valmis aloittamaan yhteisty\u00f6n? L\u00e4het\u00e4 pyynt\u00f6 keskustella projektistasi, niin otamme sinuun pian yhteytt\u00e4. Klikkaamalla &#8221;L\u00e4het\u00e4&#8221;-painiketta hyv\u00e4ksyt tietosuojak\u00e4yt\u00e4nn\u00f6n.\" \/>\n<meta property=\"og:url\" content=\"https:\/\/istrek.com\/fi\/ota-yhteytta\/\" \/>\n<meta property=\"og:site_name\" content=\"Istrek\" \/>\n<meta property=\"article:modified_time\" content=\"2026-01-09T07:55:16+00:00\" \/>\n<meta property=\"og:image\" content=\"https:\/\/istrek.com\/wp-content\/uploads\/2025\/02\/decor.png\" \/>\n\t<meta property=\"og:image:width\" content=\"100\" \/>\n\t<meta property=\"og:image:height\" content=\"529\" \/>\n\t<meta property=\"og:image:type\" content=\"image\/png\" \/>\n<meta name=\"twitter:card\" content=\"summary_large_image\" \/>\n<meta name=\"twitter:label1\" content=\"Arvioitu lukuaika\" \/>\n\t<meta name=\"twitter:data1\" content=\"5 minuuttia\" \/>\n<script type=\"application\/ld+json\" class=\"yoast-schema-graph\">{\"@context\":\"https:\\\/\\\/schema.org\",\"@graph\":[{\"@type\":\"WebPage\",\"@id\":\"https:\\\/\\\/istrek.com\\\/fi\\\/ota-yhteytta\\\/\",\"url\":\"https:\\\/\\\/istrek.com\\\/fi\\\/ota-yhteytta\\\/\",\"name\":\"Ota yhteytt\u00e4 - Istrek\",\"isPartOf\":{\"@id\":\"https:\\\/\\\/istrek.com\\\/fi\\\/#website\"},\"primaryImageOfPage\":{\"@id\":\"https:\\\/\\\/istrek.com\\\/fi\\\/ota-yhteytta\\\/#primaryimage\"},\"image\":{\"@id\":\"https:\\\/\\\/istrek.com\\\/fi\\\/ota-yhteytta\\\/#primaryimage\"},\"thumbnailUrl\":\"https:\\\/\\\/istrek.com\\\/wp-content\\\/uploads\\\/2025\\\/02\\\/decor.png\",\"datePublished\":\"2025-02-05T22:56:01+00:00\",\"dateModified\":\"2026-01-09T07:55:16+00:00\",\"breadcrumb\":{\"@id\":\"https:\\\/\\\/istrek.com\\\/fi\\\/ota-yhteytta\\\/#breadcrumb\"},\"inLanguage\":\"fi\",\"potentialAction\":[{\"@type\":\"ReadAction\",\"target\":[\"https:\\\/\\\/istrek.com\\\/fi\\\/ota-yhteytta\\\/\"]}]},{\"@type\":\"ImageObject\",\"inLanguage\":\"fi\",\"@id\":\"https:\\\/\\\/istrek.com\\\/fi\\\/ota-yhteytta\\\/#primaryimage\",\"url\":\"https:\\\/\\\/istrek.com\\\/wp-content\\\/uploads\\\/2025\\\/02\\\/decor.png\",\"contentUrl\":\"https:\\\/\\\/istrek.com\\\/wp-content\\\/uploads\\\/2025\\\/02\\\/decor.png\"},{\"@type\":\"BreadcrumbList\",\"@id\":\"https:\\\/\\\/istrek.com\\\/fi\\\/ota-yhteytta\\\/#breadcrumb\",\"itemListElement\":[{\"@type\":\"ListItem\",\"position\":1,\"name\":\"\u0413\u043b\u0430\u0432\u043d\u0430\u044f \u0441\u0442\u0440\u0430\u043d\u0438\u0446\u0430\",\"item\":\"https:\\\/\\\/istrek.com\\\/fi\\\/kotisivu\\\/\"},{\"@type\":\"ListItem\",\"position\":2,\"name\":\"Ota yhteytt\u00e4\"}]},{\"@type\":\"WebSite\",\"@id\":\"https:\\\/\\\/istrek.com\\\/fi\\\/#website\",\"url\":\"https:\\\/\\\/istrek.com\\\/fi\\\/\",\"name\":\"Istrek\",\"description\":\"\",\"publisher\":{\"@id\":\"https:\\\/\\\/istrek.com\\\/fi\\\/#organization\"},\"potentialAction\":[{\"@type\":\"SearchAction\",\"target\":{\"@type\":\"EntryPoint\",\"urlTemplate\":\"https:\\\/\\\/istrek.com\\\/fi\\\/?s={search_term_string}\"},\"query-input\":{\"@type\":\"PropertyValueSpecification\",\"valueRequired\":true,\"valueName\":\"search_term_string\"}}],\"inLanguage\":\"fi\"},{\"@type\":\"Organization\",\"@id\":\"https:\\\/\\\/istrek.com\\\/fi\\\/#organization\",\"name\":\"Istrek\",\"url\":\"https:\\\/\\\/istrek.com\\\/fi\\\/\",\"logo\":{\"@type\":\"ImageObject\",\"inLanguage\":\"fi\",\"@id\":\"https:\\\/\\\/istrek.com\\\/fi\\\/#\\\/schema\\\/logo\\\/image\\\/\",\"url\":\"https:\\\/\\\/istrek.com\\\/wp-content\\\/uploads\\\/2025\\\/02\\\/logo.svg\",\"contentUrl\":\"https:\\\/\\\/istrek.com\\\/wp-content\\\/uploads\\\/2025\\\/02\\\/logo.svg\",\"width\":129,\"height\":44,\"caption\":\"Istrek\"},\"image\":{\"@id\":\"https:\\\/\\\/istrek.com\\\/fi\\\/#\\\/schema\\\/logo\\\/image\\\/\"}}]}<\/script>\n<!-- \/ Yoast SEO plugin. -->","yoast_head_json":{"title":"Ota yhteytt\u00e4 - Istrek","robots":{"index":"index","follow":"follow","max-snippet":"max-snippet:-1","max-image-preview":"max-image-preview:large","max-video-preview":"max-video-preview:-1"},"canonical":"https:\/\/istrek.com\/fi\/ota-yhteytta\/","og_locale":"fi_FI","og_type":"article","og_title":"Ota yhteytt\u00e4 - Istrek","og_description":"Yrityksemme vuokraa tuotantotiloja, joiden kokonaispinta-ala on noin 2000 m2. Tilamme sijaitsevat entisen Dvigatel-tehtaan alueella \u00dclemisten korttelissa.Parkkialueet sijaitsevat tuotantotilojen v\u00e4litt\u00f6m\u00e4ss\u00e4 l\u00e4heisyydess\u00e4.Tilat ovat l\u00e4mmitettyj\u00e4 my\u00f6s talvikaudella. O\u00dc Istrek Andrei Zaitsev Osoite V\u00e4ike-S\u00f5jam\u00e4e 3e, Tallinna 11415 Puhelin +372 5580494 S\u00e4hk\u00f6postiosoite info@istrek.com Oletko valmis aloittamaan yhteisty\u00f6n? L\u00e4het\u00e4 pyynt\u00f6 keskustella projektistasi, niin otamme sinuun pian yhteytt\u00e4. Klikkaamalla &#8221;L\u00e4het\u00e4&#8221;-painiketta hyv\u00e4ksyt tietosuojak\u00e4yt\u00e4nn\u00f6n.","og_url":"https:\/\/istrek.com\/fi\/ota-yhteytta\/","og_site_name":"Istrek","article_modified_time":"2026-01-09T07:55:16+00:00","og_image":[{"width":100,"height":529,"url":"https:\/\/istrek.com\/wp-content\/uploads\/2025\/02\/decor.png","type":"image\/png"}],"twitter_card":"summary_large_image","twitter_misc":{"Arvioitu lukuaika":"5 minuuttia"},"schema":{"@context":"https:\/\/schema.org","@graph":[{"@type":"WebPage","@id":"https:\/\/istrek.com\/fi\/ota-yhteytta\/","url":"https:\/\/istrek.com\/fi\/ota-yhteytta\/","name":"Ota yhteytt\u00e4 - Istrek","isPartOf":{"@id":"https:\/\/istrek.com\/fi\/#website"},"primaryImageOfPage":{"@id":"https:\/\/istrek.com\/fi\/ota-yhteytta\/#primaryimage"},"image":{"@id":"https:\/\/istrek.com\/fi\/ota-yhteytta\/#primaryimage"},"thumbnailUrl":"https:\/\/istrek.com\/wp-content\/uploads\/2025\/02\/decor.png","datePublished":"2025-02-05T22:56:01+00:00","dateModified":"2026-01-09T07:55:16+00:00","breadcrumb":{"@id":"https:\/\/istrek.com\/fi\/ota-yhteytta\/#breadcrumb"},"inLanguage":"fi","potentialAction":[{"@type":"ReadAction","target":["https:\/\/istrek.com\/fi\/ota-yhteytta\/"]}]},{"@type":"ImageObject","inLanguage":"fi","@id":"https:\/\/istrek.com\/fi\/ota-yhteytta\/#primaryimage","url":"https:\/\/istrek.com\/wp-content\/uploads\/2025\/02\/decor.png","contentUrl":"https:\/\/istrek.com\/wp-content\/uploads\/2025\/02\/decor.png"},{"@type":"BreadcrumbList","@id":"https:\/\/istrek.com\/fi\/ota-yhteytta\/#breadcrumb","itemListElement":[{"@type":"ListItem","position":1,"name":"\u0413\u043b\u0430\u0432\u043d\u0430\u044f \u0441\u0442\u0440\u0430\u043d\u0438\u0446\u0430","item":"https:\/\/istrek.com\/fi\/kotisivu\/"},{"@type":"ListItem","position":2,"name":"Ota yhteytt\u00e4"}]},{"@type":"WebSite","@id":"https:\/\/istrek.com\/fi\/#website","url":"https:\/\/istrek.com\/fi\/","name":"Istrek","description":"","publisher":{"@id":"https:\/\/istrek.com\/fi\/#organization"},"potentialAction":[{"@type":"SearchAction","target":{"@type":"EntryPoint","urlTemplate":"https:\/\/istrek.com\/fi\/?s={search_term_string}"},"query-input":{"@type":"PropertyValueSpecification","valueRequired":true,"valueName":"search_term_string"}}],"inLanguage":"fi"},{"@type":"Organization","@id":"https:\/\/istrek.com\/fi\/#organization","name":"Istrek","url":"https:\/\/istrek.com\/fi\/","logo":{"@type":"ImageObject","inLanguage":"fi","@id":"https:\/\/istrek.com\/fi\/#\/schema\/logo\/image\/","url":"https:\/\/istrek.com\/wp-content\/uploads\/2025\/02\/logo.svg","contentUrl":"https:\/\/istrek.com\/wp-content\/uploads\/2025\/02\/logo.svg","width":129,"height":44,"caption":"Istrek"},"image":{"@id":"https:\/\/istrek.com\/fi\/#\/schema\/logo\/image\/"}}]}},"_links":{"self":[{"href":"https:\/\/istrek.com\/fi\/wp-json\/wp\/v2\/pages\/1188","targetHints":{"allow":["GET"]}}],"collection":[{"href":"https:\/\/istrek.com\/fi\/wp-json\/wp\/v2\/pages"}],"about":[{"href":"https:\/\/istrek.com\/fi\/wp-json\/wp\/v2\/types\/page"}],"author":[{"embeddable":true,"href":"https:\/\/istrek.com\/fi\/wp-json\/wp\/v2\/users\/1"}],"replies":[{"embeddable":true,"href":"https:\/\/istrek.com\/fi\/wp-json\/wp\/v2\/comments?post=1188"}],"version-history":[{"count":15,"href":"https:\/\/istrek.com\/fi\/wp-json\/wp\/v2\/pages\/1188\/revisions"}],"predecessor-version":[{"id":1536,"href":"https:\/\/istrek.com\/fi\/wp-json\/wp\/v2\/pages\/1188\/revisions\/1536"}],"wp:attachment":[{"href":"https:\/\/istrek.com\/fi\/wp-json\/wp\/v2\/media?parent=1188"}],"curies":[{"name":"wp","href":"https:\/\/api.w.org\/{rel}","templated":true}]}}