{"id":1162,"date":"2025-02-06T01:55:50","date_gmt":"2025-02-05T22:55:50","guid":{"rendered":"https:\/\/istrek.com\/yrityksesta\/"},"modified":"2025-02-08T17:30:16","modified_gmt":"2025-02-08T14:30:16","slug":"yrityksesta","status":"publish","type":"page","link":"https:\/\/istrek.com\/fi\/yrityksesta\/","title":{"rendered":"Yrityksest\u00e4"},"content":{"rendered":"\t\t<div data-elementor-type=\"wp-page\" data-elementor-id=\"1162\" class=\"elementor elementor-1162 elementor-80\" data-elementor-post-type=\"page\">\n\t\t\t\t<div class=\"elementor-element elementor-element-6b449f88 e-flex e-con-boxed e-con e-parent\" data-id=\"6b449f88\" data-element_type=\"container\" data-e-type=\"container\">\n\t\t\t\t\t<div class=\"e-con-inner\">\n\t\t\t\t<div class=\"elementor-element elementor-element-d4c032e elementor-absolute elementor-widget elementor-widget-image\" data-id=\"d4c032e\" data-element_type=\"widget\" data-e-type=\"widget\" data-settings=\"{&quot;_position&quot;:&quot;absolute&quot;}\" data-widget_type=\"image.default\">\n\t\t\t\t<div class=\"elementor-widget-container\">\n\t\t\t\t\t\t\t\t\t\t\t\t\t\t\t<img fetchpriority=\"high\" decoding=\"async\" width=\"100\" height=\"529\" src=\"https:\/\/istrek.com\/wp-content\/uploads\/2025\/02\/decor.png\" class=\"attachment-large size-large wp-image-333\" alt=\"\" \/>\t\t\t\t\t\t\t\t\t\t\t\t\t\t\t<\/div>\n\t\t\t\t<\/div>\n\t\t<div class=\"elementor-element elementor-element-7d6bdb13 e-con-full e-flex e-con e-child\" data-id=\"7d6bdb13\" data-element_type=\"container\" data-e-type=\"container\">\n\t\t<div class=\"elementor-element elementor-element-544d14c4 e-con-full e-flex e-con e-child\" data-id=\"544d14c4\" data-element_type=\"container\" data-e-type=\"container\">\n\t\t\t\t<div class=\"elementor-element elementor-element-725873a1 elementor-widget elementor-widget-text-editor\" data-id=\"725873a1\" data-element_type=\"widget\" data-e-type=\"widget\" data-widget_type=\"text-editor.default\">\n\t\t\t\t<div class=\"elementor-widget-container\">\n\t\t\t\t\t\t\t\t\t<p>Istrek O\u00dc perustettiin 18.06.2003. Yrityksen p\u00e4\u00e4toimialat ovat tuotteiden ja rakenteiden valmistaminen metallista, Teflonista, nailonista, ruostumattomasta ter\u00e4ksest\u00e4 ja pronssista. Meill\u00e4 on laaja ja my\u00f6nteinen kokemus vaativien detaljien valmistamisesta. Istrek O\u00dc:n tavoitteena on laatutuotteiden valmistaminen ja parhaan palvelun takaaminen kaikille asiakkaillemme.   <\/p>\n\t\t\t\t\t\t\t\t<\/div>\n\t\t\t\t<\/div>\n\t\t\t\t<\/div>\n\t\t\t\t<\/div>\n\t\t<div class=\"elementor-element elementor-element-5c82fe1 e-con-full e-flex e-con e-child\" data-id=\"5c82fe1\" data-element_type=\"container\" data-e-type=\"container\" data-settings=\"{&quot;background_background&quot;:&quot;classic&quot;,&quot;position&quot;:&quot;absolute&quot;}\">\n\t\t\t\t<\/div>\n\t\t\t\t\t<\/div>\n\t\t\t\t<\/div>\n\t\t<div class=\"elementor-element elementor-element-88b3259 e-flex e-con-boxed e-con e-parent\" data-id=\"88b3259\" data-element_type=\"container\" data-e-type=\"container\" data-settings=\"{&quot;background_background&quot;:&quot;classic&quot;}\">\n\t\t\t\t\t<div class=\"e-con-inner\">\n\t\t<div class=\"elementor-element elementor-element-2bfa6f7 e-con-full e-flex e-con e-child\" data-id=\"2bfa6f7\" data-element_type=\"container\" data-e-type=\"container\">\n\t\t<div class=\"elementor-element elementor-element-3d36c0f e-con-full e-flex e-con e-child\" data-id=\"3d36c0f\" data-element_type=\"container\" data-e-type=\"container\" data-settings=\"{&quot;background_background&quot;:&quot;classic&quot;}\">\n\t\t\t\t<div class=\"elementor-element elementor-element-89f07ae elementor-widget elementor-widget-heading\" data-id=\"89f07ae\" data-element_type=\"widget\" data-e-type=\"widget\" data-widget_type=\"heading.default\">\n\t\t\t\t<div class=\"elementor-widget-container\">\n\t\t\t\t\t<h2 class=\"elementor-heading-title elementor-size-default\">Yrityksemme t\u00e4rkeimm\u00e4t palvelut:<\/h2>\t\t\t\t<\/div>\n\t\t\t\t<\/div>\n\t\t\t\t<div class=\"elementor-element elementor-element-9084d3a elementor-icon-list--layout-traditional elementor-list-item-link-full_width elementor-widget elementor-widget-icon-list\" data-id=\"9084d3a\" data-element_type=\"widget\" data-e-type=\"widget\" data-widget_type=\"icon-list.default\">\n\t\t\t\t<div class=\"elementor-widget-container\">\n\t\t\t\t\t\t\t<ul class=\"elementor-icon-list-items\">\n\t\t\t\t\t\t\t<li class=\"elementor-icon-list-item\">\n\t\t\t\t\t\t\t\t\t\t\t<span class=\"elementor-icon-list-icon\">\n\t\t\t\t\t\t\t<svg aria-hidden=\"true\" class=\"e-font-icon-svg e-fas-square-full\" viewBox=\"0 0 512 512\" xmlns=\"http:\/\/www.w3.org\/2000\/svg\"><path d=\"M512 512H0V0h512v512z\"><\/path><\/svg>\t\t\t\t\t\t<\/span>\n\t\t\t\t\t\t\t\t\t\t<span class=\"elementor-icon-list-text\">Yksil\u00f6llisten projektien toteuttaminen<\/span>\n\t\t\t\t\t\t\t\t\t<\/li>\n\t\t\t\t\t\t\t\t<li class=\"elementor-icon-list-item\">\n\t\t\t\t\t\t\t\t\t\t\t<span class=\"elementor-icon-list-icon\">\n\t\t\t\t\t\t\t<svg aria-hidden=\"true\" class=\"e-font-icon-svg e-fas-square-full\" viewBox=\"0 0 512 512\" xmlns=\"http:\/\/www.w3.org\/2000\/svg\"><path d=\"M512 512H0V0h512v512z\"><\/path><\/svg>\t\t\t\t\t\t<\/span>\n\t\t\t\t\t\t\t\t\t\t<span class=\"elementor-icon-list-text\">Vanhojen metallidetaljien entis\u00f6inti<\/span>\n\t\t\t\t\t\t\t\t\t<\/li>\n\t\t\t\t\t\t\t\t<li class=\"elementor-icon-list-item\">\n\t\t\t\t\t\t\t\t\t\t\t<span class=\"elementor-icon-list-icon\">\n\t\t\t\t\t\t\t<svg aria-hidden=\"true\" class=\"e-font-icon-svg e-fas-square-full\" viewBox=\"0 0 512 512\" xmlns=\"http:\/\/www.w3.org\/2000\/svg\"><path d=\"M512 512H0V0h512v512z\"><\/path><\/svg>\t\t\t\t\t\t<\/span>\n\t\t\t\t\t\t\t\t\t\t<span class=\"elementor-icon-list-text\">Detaljien karkaisu- ja hiontamahdollisuus<\/span>\n\t\t\t\t\t\t\t\t\t<\/li>\n\t\t\t\t\t\t\t\t<li class=\"elementor-icon-list-item\">\n\t\t\t\t\t\t\t\t\t\t\t<span class=\"elementor-icon-list-icon\">\n\t\t\t\t\t\t\t<svg aria-hidden=\"true\" class=\"e-font-icon-svg e-fas-square-full\" viewBox=\"0 0 512 512\" xmlns=\"http:\/\/www.w3.org\/2000\/svg\"><path d=\"M512 512H0V0h512v512z\"><\/path><\/svg>\t\t\t\t\t\t<\/span>\n\t\t\t\t\t\t\t\t\t\t<span class=\"elementor-icon-list-text\">Yrityksemme konekantaan kuuluu 2 CNC jyrsint\u00e4konetta, 4 CNC sorvauskeskusta, sis\u00e4sorvaukseen k\u00e4yt\u00e4mme 4 konetta, joista 2 ovat CNC koneita.<\/span>\n\t\t\t\t\t\t\t\t\t<\/li>\n\t\t\t\t\t\t<\/ul>\n\t\t\t\t\t\t<\/div>\n\t\t\t\t<\/div>\n\t\t\t\t<div class=\"elementor-element elementor-element-b114a65 elementor-widget elementor-widget-heading\" data-id=\"b114a65\" data-element_type=\"widget\" data-e-type=\"widget\" data-widget_type=\"heading.default\">\n\t\t\t\t<div class=\"elementor-widget-container\">\n\t\t\t\t\t<p class=\"elementor-heading-title elementor-size-default\">Suunnitteluvaiheessa k\u00e4yt\u00e4mme kaikkia erilaisia ohjelmistomuotoja.<\/p>\t\t\t\t<\/div>\n\t\t\t\t<\/div>\n\t\t\t\t<\/div>\n\t\t<div class=\"elementor-element elementor-element-c285612 e-con-full e-flex e-con e-child\" data-id=\"c285612\" data-element_type=\"container\" data-e-type=\"container\">\n\t\t\t\t<div class=\"elementor-element elementor-element-813736f elementor-widget elementor-widget-heading\" data-id=\"813736f\" data-element_type=\"widget\" data-e-type=\"widget\" data-widget_type=\"heading.default\">\n\t\t\t\t<div class=\"elementor-widget-container\">\n\t\t\t\t\t<h2 class=\"elementor-heading-title elementor-size-default\">EVUL:in j\u00e4sen<\/h2>\t\t\t\t<\/div>\n\t\t\t\t<\/div>\n\t\t\t\t<div class=\"elementor-element elementor-element-b84150d elementor-widget elementor-widget-image\" data-id=\"b84150d\" data-element_type=\"widget\" data-e-type=\"widget\" data-widget_type=\"image.default\">\n\t\t\t\t<div class=\"elementor-widget-container\">\n\t\t\t\t\t\t\t\t\t\t\t\t\t\t\t<img decoding=\"async\" width=\"300\" height=\"80\" src=\"https:\/\/istrek.com\/wp-content\/uploads\/2025\/02\/evul_liikme_logo_sinine-300x80-1.png\" class=\"attachment-large size-large wp-image-1136\" alt=\"\" \/>\t\t\t\t\t\t\t\t\t\t\t\t\t\t\t<\/div>\n\t\t\t\t<\/div>\n\t\t\t\t<\/div>\n\t\t\t\t<\/div>\n\t\t<div class=\"elementor-element elementor-element-a46f540 e-con-full e-flex e-con e-child\" data-id=\"a46f540\" data-element_type=\"container\" data-e-type=\"container\">\n\t\t\t\t<div class=\"elementor-element elementor-element-ae4d2c2 elementor-widget__width-initial elementor-widget elementor-widget-image\" data-id=\"ae4d2c2\" data-element_type=\"widget\" data-e-type=\"widget\" data-settings=\"{&quot;sticky&quot;:&quot;top&quot;,&quot;sticky_on&quot;:[&quot;desktop&quot;,&quot;laptop&quot;,&quot;tablet&quot;],&quot;sticky_parent&quot;:&quot;yes&quot;,&quot;sticky_offset&quot;:0,&quot;sticky_effects_offset&quot;:0,&quot;sticky_anchor_link_offset&quot;:0}\" data-widget_type=\"image.default\">\n\t\t\t\t<div class=\"elementor-widget-container\">\n\t\t\t\t\t\t\t\t\t\t\t\t\t\t\t<img decoding=\"async\" width=\"500\" height=\"300\" src=\"https:\/\/istrek.com\/wp-content\/uploads\/2025\/02\/puurimine-thumb.jpg\" class=\"attachment-large size-large wp-image-412\" alt=\"\" srcset=\"https:\/\/istrek.com\/wp-content\/uploads\/2025\/02\/puurimine-thumb.jpg 500w, https:\/\/istrek.com\/wp-content\/uploads\/2025\/02\/puurimine-thumb-300x180.jpg 300w\" sizes=\"(max-width: 500px) 100vw, 500px\" \/>\t\t\t\t\t\t\t\t\t\t\t\t\t\t\t<\/div>\n\t\t\t\t<\/div>\n\t\t<div class=\"elementor-element elementor-element-0972d7f e-con-full e-flex e-con e-child\" data-id=\"0972d7f\" data-element_type=\"container\" data-e-type=\"container\" data-settings=\"{&quot;background_background&quot;:&quot;classic&quot;}\">\n\t\t\t\t<\/div>\n\t\t\t\t<\/div>\n\t\t\t\t\t<\/div>\n\t\t\t\t<\/div>\n\t\t\t\t<\/div>\n\t\t","protected":false},"excerpt":{"rendered":"<p>Istrek O\u00dc perustettiin 18.06.2003. Yrityksen p\u00e4\u00e4toimialat ovat tuotteiden ja rakenteiden valmistaminen metallista, Teflonista, nailonista, ruostumattomasta ter\u00e4ksest\u00e4 ja pronssista. Meill\u00e4 on laaja ja my\u00f6nteinen kokemus vaativien detaljien valmistamisesta. Istrek O\u00dc:n tavoitteena on laatutuotteiden valmistaminen ja parhaan palvelun takaaminen kaikille asiakkaillemme. Yrityksemme t\u00e4rkeimm\u00e4t palvelut: Yksil\u00f6llisten projektien toteuttaminen Vanhojen metallidetaljien entis\u00f6inti Detaljien karkaisu- ja hiontamahdollisuus Yrityksemme konekantaan kuuluu [&hellip;]<\/p>\n","protected":false},"author":1,"featured_media":0,"parent":0,"menu_order":0,"comment_status":"closed","ping_status":"closed","template":"","meta":{"footnotes":""},"class_list":["post-1162","page","type-page","status-publish","hentry"],"yoast_head":"<!-- This site is optimized with the Yoast SEO plugin v27.5 - https:\/\/yoast.com\/product\/yoast-seo-wordpress\/ -->\n<title>Yrityksest\u00e4 - Istrek<\/title>\n<meta name=\"robots\" content=\"index, follow, max-snippet:-1, max-image-preview:large, max-video-preview:-1\" \/>\n<link rel=\"canonical\" href=\"https:\/\/istrek.com\/fi\/yrityksesta\/\" \/>\n<meta property=\"og:locale\" content=\"fi_FI\" \/>\n<meta property=\"og:type\" content=\"article\" \/>\n<meta property=\"og:title\" content=\"Yrityksest\u00e4 - Istrek\" \/>\n<meta property=\"og:description\" content=\"Istrek O\u00dc perustettiin 18.06.2003. Yrityksen p\u00e4\u00e4toimialat ovat tuotteiden ja rakenteiden valmistaminen metallista, Teflonista, nailonista, ruostumattomasta ter\u00e4ksest\u00e4 ja pronssista. Meill\u00e4 on laaja ja my\u00f6nteinen kokemus vaativien detaljien valmistamisesta. Istrek O\u00dc:n tavoitteena on laatutuotteiden valmistaminen ja parhaan palvelun takaaminen kaikille asiakkaillemme. Yrityksemme t\u00e4rkeimm\u00e4t palvelut: Yksil\u00f6llisten projektien toteuttaminen Vanhojen metallidetaljien entis\u00f6inti Detaljien karkaisu- ja hiontamahdollisuus Yrityksemme konekantaan kuuluu [&hellip;]\" \/>\n<meta property=\"og:url\" content=\"https:\/\/istrek.com\/fi\/yrityksesta\/\" \/>\n<meta property=\"og:site_name\" content=\"Istrek\" \/>\n<meta property=\"article:modified_time\" content=\"2025-02-08T14:30:16+00:00\" \/>\n<meta property=\"og:image\" content=\"https:\/\/istrek.com\/wp-content\/uploads\/2025\/02\/decor.png\" \/>\n\t<meta property=\"og:image:width\" content=\"100\" \/>\n\t<meta property=\"og:image:height\" content=\"529\" \/>\n\t<meta property=\"og:image:type\" content=\"image\/png\" \/>\n<meta name=\"twitter:card\" content=\"summary_large_image\" \/>\n<script type=\"application\/ld+json\" class=\"yoast-schema-graph\">{\"@context\":\"https:\\\/\\\/schema.org\",\"@graph\":[{\"@type\":\"WebPage\",\"@id\":\"https:\\\/\\\/istrek.com\\\/fi\\\/yrityksesta\\\/\",\"url\":\"https:\\\/\\\/istrek.com\\\/fi\\\/yrityksesta\\\/\",\"name\":\"Yrityksest\u00e4 - Istrek\",\"isPartOf\":{\"@id\":\"https:\\\/\\\/istrek.com\\\/fi\\\/#website\"},\"primaryImageOfPage\":{\"@id\":\"https:\\\/\\\/istrek.com\\\/fi\\\/yrityksesta\\\/#primaryimage\"},\"image\":{\"@id\":\"https:\\\/\\\/istrek.com\\\/fi\\\/yrityksesta\\\/#primaryimage\"},\"thumbnailUrl\":\"https:\\\/\\\/istrek.com\\\/wp-content\\\/uploads\\\/2025\\\/02\\\/decor.png\",\"datePublished\":\"2025-02-05T22:55:50+00:00\",\"dateModified\":\"2025-02-08T14:30:16+00:00\",\"breadcrumb\":{\"@id\":\"https:\\\/\\\/istrek.com\\\/fi\\\/yrityksesta\\\/#breadcrumb\"},\"inLanguage\":\"fi\",\"potentialAction\":[{\"@type\":\"ReadAction\",\"target\":[\"https:\\\/\\\/istrek.com\\\/fi\\\/yrityksesta\\\/\"]}]},{\"@type\":\"ImageObject\",\"inLanguage\":\"fi\",\"@id\":\"https:\\\/\\\/istrek.com\\\/fi\\\/yrityksesta\\\/#primaryimage\",\"url\":\"https:\\\/\\\/istrek.com\\\/wp-content\\\/uploads\\\/2025\\\/02\\\/decor.png\",\"contentUrl\":\"https:\\\/\\\/istrek.com\\\/wp-content\\\/uploads\\\/2025\\\/02\\\/decor.png\"},{\"@type\":\"BreadcrumbList\",\"@id\":\"https:\\\/\\\/istrek.com\\\/fi\\\/yrityksesta\\\/#breadcrumb\",\"itemListElement\":[{\"@type\":\"ListItem\",\"position\":1,\"name\":\"\u0413\u043b\u0430\u0432\u043d\u0430\u044f \u0441\u0442\u0440\u0430\u043d\u0438\u0446\u0430\",\"item\":\"https:\\\/\\\/istrek.com\\\/fi\\\/kotisivu\\\/\"},{\"@type\":\"ListItem\",\"position\":2,\"name\":\"Yrityksest\u00e4\"}]},{\"@type\":\"WebSite\",\"@id\":\"https:\\\/\\\/istrek.com\\\/fi\\\/#website\",\"url\":\"https:\\\/\\\/istrek.com\\\/fi\\\/\",\"name\":\"Istrek\",\"description\":\"\",\"publisher\":{\"@id\":\"https:\\\/\\\/istrek.com\\\/fi\\\/#organization\"},\"potentialAction\":[{\"@type\":\"SearchAction\",\"target\":{\"@type\":\"EntryPoint\",\"urlTemplate\":\"https:\\\/\\\/istrek.com\\\/fi\\\/?s={search_term_string}\"},\"query-input\":{\"@type\":\"PropertyValueSpecification\",\"valueRequired\":true,\"valueName\":\"search_term_string\"}}],\"inLanguage\":\"fi\"},{\"@type\":\"Organization\",\"@id\":\"https:\\\/\\\/istrek.com\\\/fi\\\/#organization\",\"name\":\"Istrek\",\"url\":\"https:\\\/\\\/istrek.com\\\/fi\\\/\",\"logo\":{\"@type\":\"ImageObject\",\"inLanguage\":\"fi\",\"@id\":\"https:\\\/\\\/istrek.com\\\/fi\\\/#\\\/schema\\\/logo\\\/image\\\/\",\"url\":\"https:\\\/\\\/istrek.com\\\/wp-content\\\/uploads\\\/2025\\\/02\\\/logo.svg\",\"contentUrl\":\"https:\\\/\\\/istrek.com\\\/wp-content\\\/uploads\\\/2025\\\/02\\\/logo.svg\",\"width\":129,\"height\":44,\"caption\":\"Istrek\"},\"image\":{\"@id\":\"https:\\\/\\\/istrek.com\\\/fi\\\/#\\\/schema\\\/logo\\\/image\\\/\"}}]}<\/script>\n<!-- \/ Yoast SEO plugin. -->","yoast_head_json":{"title":"Yrityksest\u00e4 - Istrek","robots":{"index":"index","follow":"follow","max-snippet":"max-snippet:-1","max-image-preview":"max-image-preview:large","max-video-preview":"max-video-preview:-1"},"canonical":"https:\/\/istrek.com\/fi\/yrityksesta\/","og_locale":"fi_FI","og_type":"article","og_title":"Yrityksest\u00e4 - Istrek","og_description":"Istrek O\u00dc perustettiin 18.06.2003. Yrityksen p\u00e4\u00e4toimialat ovat tuotteiden ja rakenteiden valmistaminen metallista, Teflonista, nailonista, ruostumattomasta ter\u00e4ksest\u00e4 ja pronssista. Meill\u00e4 on laaja ja my\u00f6nteinen kokemus vaativien detaljien valmistamisesta. Istrek O\u00dc:n tavoitteena on laatutuotteiden valmistaminen ja parhaan palvelun takaaminen kaikille asiakkaillemme. Yrityksemme t\u00e4rkeimm\u00e4t palvelut: Yksil\u00f6llisten projektien toteuttaminen Vanhojen metallidetaljien entis\u00f6inti Detaljien karkaisu- ja hiontamahdollisuus Yrityksemme konekantaan kuuluu [&hellip;]","og_url":"https:\/\/istrek.com\/fi\/yrityksesta\/","og_site_name":"Istrek","article_modified_time":"2025-02-08T14:30:16+00:00","og_image":[{"width":100,"height":529,"url":"https:\/\/istrek.com\/wp-content\/uploads\/2025\/02\/decor.png","type":"image\/png"}],"twitter_card":"summary_large_image","schema":{"@context":"https:\/\/schema.org","@graph":[{"@type":"WebPage","@id":"https:\/\/istrek.com\/fi\/yrityksesta\/","url":"https:\/\/istrek.com\/fi\/yrityksesta\/","name":"Yrityksest\u00e4 - Istrek","isPartOf":{"@id":"https:\/\/istrek.com\/fi\/#website"},"primaryImageOfPage":{"@id":"https:\/\/istrek.com\/fi\/yrityksesta\/#primaryimage"},"image":{"@id":"https:\/\/istrek.com\/fi\/yrityksesta\/#primaryimage"},"thumbnailUrl":"https:\/\/istrek.com\/wp-content\/uploads\/2025\/02\/decor.png","datePublished":"2025-02-05T22:55:50+00:00","dateModified":"2025-02-08T14:30:16+00:00","breadcrumb":{"@id":"https:\/\/istrek.com\/fi\/yrityksesta\/#breadcrumb"},"inLanguage":"fi","potentialAction":[{"@type":"ReadAction","target":["https:\/\/istrek.com\/fi\/yrityksesta\/"]}]},{"@type":"ImageObject","inLanguage":"fi","@id":"https:\/\/istrek.com\/fi\/yrityksesta\/#primaryimage","url":"https:\/\/istrek.com\/wp-content\/uploads\/2025\/02\/decor.png","contentUrl":"https:\/\/istrek.com\/wp-content\/uploads\/2025\/02\/decor.png"},{"@type":"BreadcrumbList","@id":"https:\/\/istrek.com\/fi\/yrityksesta\/#breadcrumb","itemListElement":[{"@type":"ListItem","position":1,"name":"\u0413\u043b\u0430\u0432\u043d\u0430\u044f \u0441\u0442\u0440\u0430\u043d\u0438\u0446\u0430","item":"https:\/\/istrek.com\/fi\/kotisivu\/"},{"@type":"ListItem","position":2,"name":"Yrityksest\u00e4"}]},{"@type":"WebSite","@id":"https:\/\/istrek.com\/fi\/#website","url":"https:\/\/istrek.com\/fi\/","name":"Istrek","description":"","publisher":{"@id":"https:\/\/istrek.com\/fi\/#organization"},"potentialAction":[{"@type":"SearchAction","target":{"@type":"EntryPoint","urlTemplate":"https:\/\/istrek.com\/fi\/?s={search_term_string}"},"query-input":{"@type":"PropertyValueSpecification","valueRequired":true,"valueName":"search_term_string"}}],"inLanguage":"fi"},{"@type":"Organization","@id":"https:\/\/istrek.com\/fi\/#organization","name":"Istrek","url":"https:\/\/istrek.com\/fi\/","logo":{"@type":"ImageObject","inLanguage":"fi","@id":"https:\/\/istrek.com\/fi\/#\/schema\/logo\/image\/","url":"https:\/\/istrek.com\/wp-content\/uploads\/2025\/02\/logo.svg","contentUrl":"https:\/\/istrek.com\/wp-content\/uploads\/2025\/02\/logo.svg","width":129,"height":44,"caption":"Istrek"},"image":{"@id":"https:\/\/istrek.com\/fi\/#\/schema\/logo\/image\/"}}]}},"_links":{"self":[{"href":"https:\/\/istrek.com\/fi\/wp-json\/wp\/v2\/pages\/1162","targetHints":{"allow":["GET"]}}],"collection":[{"href":"https:\/\/istrek.com\/fi\/wp-json\/wp\/v2\/pages"}],"about":[{"href":"https:\/\/istrek.com\/fi\/wp-json\/wp\/v2\/types\/page"}],"author":[{"embeddable":true,"href":"https:\/\/istrek.com\/fi\/wp-json\/wp\/v2\/users\/1"}],"replies":[{"embeddable":true,"href":"https:\/\/istrek.com\/fi\/wp-json\/wp\/v2\/comments?post=1162"}],"version-history":[{"count":1,"href":"https:\/\/istrek.com\/fi\/wp-json\/wp\/v2\/pages\/1162\/revisions"}],"predecessor-version":[{"id":1163,"href":"https:\/\/istrek.com\/fi\/wp-json\/wp\/v2\/pages\/1162\/revisions\/1163"}],"wp:attachment":[{"href":"https:\/\/istrek.com\/fi\/wp-json\/wp\/v2\/media?parent=1162"}],"curies":[{"name":"wp","href":"https:\/\/api.w.org\/{rel}","templated":true}]}}